{"id":1838,"date":"2023-08-14T18:18:09","date_gmt":"2023-08-14T16:18:09","guid":{"rendered":"https:\/\/la-loma-del-mango.com\/?page_id=1838"},"modified":"2025-06-11T00:05:43","modified_gmt":"2025-06-10T22:05:43","slug":"hotel-lalomadelmango-panama-activites","status":"publish","type":"page","link":"https:\/\/la-loma-del-mango.com\/es\/hotel-lalomadelmango-panama-activites\/","title":{"rendered":"Las Actividades Tur\u00edsticas"},"content":{"rendered":"<div data-elementor-type=\"wp-post\" data-elementor-id=\"1838\" class=\"elementor elementor-1838\">\n\t\t\t\t\t\t<section class=\"elementor-section elementor-top-section elementor-element elementor-element-237bb45 elementor-section-full_width elementor-section-height-min-height elementor-section-height-default elementor-section-items-middle\" data-id=\"237bb45\" data-element_type=\"section\" data-settings=\"{&quot;background_background&quot;:&quot;classic&quot;}\">\n\t\t\t\t\t\t\t<div class=\"elementor-background-overlay\"><\/div>\n\t\t\t\t\t\t\t<div class=\"elementor-container elementor-column-gap-default\">\n\t\t\t\t\t<div class=\"elementor-column elementor-col-100 elementor-top-column elementor-element elementor-element-26b1cd2\" data-id=\"26b1cd2\" data-element_type=\"column\">\n\t\t\t<div class=\"elementor-widget-wrap elementor-element-populated\">\n\t\t\t\t\t\t<div class=\"elementor-element elementor-element-d6f0c3a elementor-widget elementor-widget-spacer\" data-id=\"d6f0c3a\" data-element_type=\"widget\" data-widget_type=\"spacer.default\">\n\t\t\t\t<div class=\"elementor-widget-container\">\n\t\t\t\t\t<div class=\"elementor-spacer\">\n\t\t\t<div class=\"elementor-spacer-inner\"><\/div>\n\t\t<\/div>\n\t\t\t\t<\/div>\n\t\t\t\t<\/div>\n\t\t\t\t<div class=\"elementor-element elementor-element-d1ea124 elementor-view-default elementor-position-top elementor-invisible elementor-widget elementor-widget-themo-header\" data-id=\"d1ea124\" data-element_type=\"widget\" data-settings=\"{&quot;_animation&quot;:&quot;fadeIn&quot;}\" data-widget_type=\"themo-header.default\">\n\t\t\t\t<div class=\"elementor-widget-container\">\n\t\t\t\t\t<div class=\"th-header-wrap\">\n        <div class=\"elementor-icon-box-wrapper\">\n                            <div class=\"elementor-icon-box-content\">\n                    <h1 class=\"elementor-icon-box-title\">\n                        Las Actividades Tur\u00edsticas                    <\/h1>\n                                        <p class=\"elementor-icon-box-description\">Por un turismo diferente, verde y responsable.<\/p>\n\n                                    <\/div>\n            <\/div>\n\n        <\/div>\n\n\t\t\t\t<\/div>\n\t\t\t\t<\/div>\n\t\t\t\t\t<\/div>\n\t\t<\/div>\n\t\t\t\t\t<\/div>\n\t\t<\/section>\n\t\t\t\t<section class=\"elementor-section elementor-top-section elementor-element elementor-element-96595ef elementor-section-boxed elementor-section-height-default elementor-section-height-default\" data-id=\"96595ef\" data-element_type=\"section\">\n\t\t\t\t\t\t<div class=\"elementor-container elementor-column-gap-default\">\n\t\t\t\t\t<div class=\"elementor-column elementor-col-100 elementor-top-column elementor-element elementor-element-b39a0c4\" data-id=\"b39a0c4\" data-element_type=\"column\">\n\t\t\t<div class=\"elementor-widget-wrap elementor-element-populated\">\n\t\t\t\t\t\t<div class=\"elementor-element elementor-element-c318f34 elementor-widget elementor-widget-spacer\" data-id=\"c318f34\" data-element_type=\"widget\" data-widget_type=\"spacer.default\">\n\t\t\t\t<div class=\"elementor-widget-container\">\n\t\t\t\t\t<div class=\"elementor-spacer\">\n\t\t\t<div class=\"elementor-spacer-inner\"><\/div>\n\t\t<\/div>\n\t\t\t\t<\/div>\n\t\t\t\t<\/div>\n\t\t\t\t\t<\/div>\n\t\t<\/div>\n\t\t\t\t\t<\/div>\n\t\t<\/section>\n\t\t\t\t<section class=\"elementor-section elementor-top-section elementor-element elementor-element-53f1679 elementor-section-boxed elementor-section-height-default elementor-section-height-default\" data-id=\"53f1679\" data-element_type=\"section\">\n\t\t\t\t\t\t<div class=\"elementor-container elementor-column-gap-default\">\n\t\t\t\t\t<div class=\"elementor-column elementor-col-100 elementor-top-column elementor-element elementor-element-a18817d\" data-id=\"a18817d\" data-element_type=\"column\">\n\t\t\t<div class=\"elementor-widget-wrap elementor-element-populated\">\n\t\t\t\t\t\t<div class=\"elementor-element elementor-element-65991bd elementor-widget__width-initial elementor-widget elementor-widget-text-editor\" data-id=\"65991bd\" data-element_type=\"widget\" data-widget_type=\"text-editor.default\">\n\t\t\t\t<div class=\"elementor-widget-container\">\n\t\t\t\t\t\t\t<p class=\"MsoNormal\" style=\"margin-bottom: 0cm; text-align: center;\">Voyagez tout en prenant votre temps, impr\u00e9gnez-vous pleinement de la nature qui vous entoure et de la richesse du patrimoine, <br \/>privil\u00e9giez les rencontres, savourez les produits de la mer et de la terre\u2026 <br \/>La zone rurale du district de Mariato, entre montagne et oc\u00e9an, vous offre de nombreuses activit\u00e9s ouvertes sur la nature et sur l\u2019humain.<\/p><p class=\"MsoNormal\" style=\"margin-bottom: 0cm; text-align: center;\">Ici, on dit que \u00ab le Panama se m\u00e9rite \u00bb. Vous verrez chaque balade, qu\u2019elle soit en voiture, \u00e0 cheval, \u00e0 pied\u2026 est une vraie aventure <br \/>qui vous conduit dans des lieux sauvages, d\u00e9paysant et apaisant. Rien ne vous pressera, surtout pas les panam\u00e9ens\u00a0! <br \/>Sur la Sunset Coast, la vie se d\u00e9roule au rythme du soleil, de la pluie, des chevaux et de la p\u00eache.<\/p>\t\t\t\t\t\t<\/div>\n\t\t\t\t<\/div>\n\t\t\t\t\t<\/div>\n\t\t<\/div>\n\t\t\t\t\t<\/div>\n\t\t<\/section>\n\t\t\t\t<section class=\"elementor-section elementor-top-section elementor-element elementor-element-4a0088c elementor-section-boxed elementor-section-height-default elementor-section-height-default\" data-id=\"4a0088c\" data-element_type=\"section\">\n\t\t\t\t\t\t<div class=\"elementor-container elementor-column-gap-default\">\n\t\t\t\t\t<div class=\"elementor-column elementor-col-100 elementor-top-column elementor-element elementor-element-68fb59e\" data-id=\"68fb59e\" data-element_type=\"column\">\n\t\t\t<div class=\"elementor-widget-wrap elementor-element-populated\">\n\t\t\t\t\t\t<div class=\"elementor-element elementor-element-bcc6323 elementor-widget elementor-widget-spacer\" data-id=\"bcc6323\" data-element_type=\"widget\" data-widget_type=\"spacer.default\">\n\t\t\t\t<div class=\"elementor-widget-container\">\n\t\t\t\t\t<div class=\"elementor-spacer\">\n\t\t\t<div class=\"elementor-spacer-inner\"><\/div>\n\t\t<\/div>\n\t\t\t\t<\/div>\n\t\t\t\t<\/div>\n\t\t\t\t\t<\/div>\n\t\t<\/div>\n\t\t\t\t\t<\/div>\n\t\t<\/section>\n\t\t\t\t<section class=\"elementor-section elementor-top-section elementor-element elementor-element-a626f40 elementor-section-boxed elementor-section-height-default elementor-section-height-default\" data-id=\"a626f40\" data-element_type=\"section\">\n\t\t\t\t\t\t<div class=\"elementor-container elementor-column-gap-default\">\n\t\t\t\t\t<div class=\"elementor-column elementor-col-100 elementor-top-column elementor-element elementor-element-20db152\" data-id=\"20db152\" data-element_type=\"column\">\n\t\t\t<div class=\"elementor-widget-wrap elementor-element-populated\">\n\t\t\t\t\t\t<div class=\"elementor-element elementor-element-2fde7fe elementor-widget elementor-widget-text-editor\" data-id=\"2fde7fe\" data-element_type=\"widget\" data-widget_type=\"text-editor.default\">\n\t\t\t\t<div class=\"elementor-widget-container\">\n\t\t\t\t\t\t\t<ul><li><h5><a href=\"https:\/\/la-loma-del-mango.com\/es\/home-la-loma-del-mango-hotel-palo-seco-veraguas-panama-4\/\" target=\"_blank\" rel=\"noopener\"><strong>Activit\u00e9 propos\u00e9e par La Loma del Mango<\/strong><\/a><\/h5><\/li><\/ul>\t\t\t\t\t\t<\/div>\n\t\t\t\t<\/div>\n\t\t\t\t\t<\/div>\n\t\t<\/div>\n\t\t\t\t\t<\/div>\n\t\t<\/section>\n\t\t\t\t<section class=\"elementor-section elementor-top-section elementor-element elementor-element-0318509 elementor-section-boxed elementor-section-height-default elementor-section-height-default\" data-id=\"0318509\" data-element_type=\"section\">\n\t\t\t\t\t\t<div class=\"elementor-container elementor-column-gap-default\">\n\t\t\t\t\t<div class=\"elementor-column elementor-col-100 elementor-top-column elementor-element elementor-element-3d9f23f\" data-id=\"3d9f23f\" data-element_type=\"column\">\n\t\t\t<div class=\"elementor-widget-wrap elementor-element-populated\">\n\t\t\t\t\t\t<div class=\"elementor-element elementor-element-d8d5b9c elementor-widget elementor-widget-text-editor\" data-id=\"d8d5b9c\" data-element_type=\"widget\" data-widget_type=\"text-editor.default\">\n\t\t\t\t<div class=\"elementor-widget-container\">\n\t\t\t\t\t\t\t<ul><li><h5><a href=\"https:\/\/la-loma-del-mango.com\/es\/hotel-la-loma-del-mango-panama-activites-equitation\/\" target=\"_blank\" rel=\"noopener\"><strong>Activit\u00e9 propos\u00e9e par Happy Ranch<\/strong><\/a><\/h5><\/li><\/ul>\t\t\t\t\t\t<\/div>\n\t\t\t\t<\/div>\n\t\t\t\t\t<\/div>\n\t\t<\/div>\n\t\t\t\t\t<\/div>\n\t\t<\/section>\n\t\t\t\t<section class=\"elementor-section elementor-top-section elementor-element elementor-element-bce3dd7 elementor-section-boxed elementor-section-height-default elementor-section-height-default\" data-id=\"bce3dd7\" data-element_type=\"section\">\n\t\t\t\t\t\t<div class=\"elementor-container elementor-column-gap-default\">\n\t\t\t\t\t<div class=\"elementor-column elementor-col-100 elementor-top-column elementor-element elementor-element-c2112bf\" data-id=\"c2112bf\" data-element_type=\"column\">\n\t\t\t<div class=\"elementor-widget-wrap elementor-element-populated\">\n\t\t\t\t\t\t<div class=\"elementor-element elementor-element-5026e45 elementor-widget elementor-widget-text-editor\" data-id=\"5026e45\" data-element_type=\"widget\" data-widget_type=\"text-editor.default\">\n\t\t\t\t<div class=\"elementor-widget-container\">\n\t\t\t\t\t\t\t<ul><li><h5><a href=\"https:\/\/la-loma-del-mango.com\/es\/hotel-la-loma-del-mango-panama-activites-coiba-peche\/\" target=\"_blank\" rel=\"noopener\"><strong>Activit\u00e9 propos\u00e9e par Pura Pesca Panama<\/strong><\/a><\/h5><\/li><\/ul>\t\t\t\t\t\t<\/div>\n\t\t\t\t<\/div>\n\t\t\t\t\t<\/div>\n\t\t<\/div>\n\t\t\t\t\t<\/div>\n\t\t<\/section>\n\t\t\t\t<section class=\"elementor-section elementor-top-section elementor-element elementor-element-6aa2522 elementor-section-boxed elementor-section-height-default elementor-section-height-default\" data-id=\"6aa2522\" data-element_type=\"section\">\n\t\t\t\t\t\t<div class=\"elementor-container elementor-column-gap-default\">\n\t\t\t\t\t<div class=\"elementor-column elementor-col-100 elementor-top-column elementor-element elementor-element-db93c21\" data-id=\"db93c21\" data-element_type=\"column\">\n\t\t\t<div class=\"elementor-widget-wrap elementor-element-populated\">\n\t\t\t\t\t\t<div class=\"elementor-element elementor-element-cbda32f elementor-widget elementor-widget-text-editor\" data-id=\"cbda32f\" data-element_type=\"widget\" data-widget_type=\"text-editor.default\">\n\t\t\t\t<div class=\"elementor-widget-container\">\n\t\t\t\t\t\t\t<ul><li><h5><a href=\"https:\/\/la-loma-del-mango.com\/es\/hotel-la-loma-del-mango-panama-activites-surf-plages\/\" target=\"_blank\" rel=\"noopener\"><strong>Autres activit\u00e9s<\/strong><\/a><\/h5><\/li><\/ul>\t\t\t\t\t\t<\/div>\n\t\t\t\t<\/div>\n\t\t\t\t\t<\/div>\n\t\t<\/div>\n\t\t\t\t\t<\/div>\n\t\t<\/section>\n\t\t\t\t<section class=\"elementor-section elementor-top-section elementor-element elementor-element-f523112 elementor-section-boxed elementor-section-height-default elementor-section-height-default\" data-id=\"f523112\" data-element_type=\"section\">\n\t\t\t\t\t\t<div class=\"elementor-container elementor-column-gap-default\">\n\t\t\t\t\t<div class=\"elementor-column elementor-col-100 elementor-top-column elementor-element elementor-element-706aa40\" data-id=\"706aa40\" data-element_type=\"column\">\n\t\t\t<div class=\"elementor-widget-wrap elementor-element-populated\">\n\t\t\t\t\t\t<div class=\"elementor-element elementor-element-f8ed725 elementor-widget elementor-widget-spacer\" data-id=\"f8ed725\" data-element_type=\"widget\" data-widget_type=\"spacer.default\">\n\t\t\t\t<div class=\"elementor-widget-container\">\n\t\t\t\t\t<div class=\"elementor-spacer\">\n\t\t\t<div class=\"elementor-spacer-inner\"><\/div>\n\t\t<\/div>\n\t\t\t\t<\/div>\n\t\t\t\t<\/div>\n\t\t\t\t\t<\/div>\n\t\t<\/div>\n\t\t\t\t\t<\/div>\n\t\t<\/section>\n\t\t\t\t<\/div>","protected":false},"excerpt":{"rendered":"<p>Activit\u00e9s Touristiques Pour un tourisme diff\u00e9rent, vert et responsable. Voyagez tout en prenant votre temps, impr\u00e9gnez-vous pleinement de la nature qui vous entoure et de la richesse du patrimoine, privil\u00e9giez les rencontres, savourez les produits de la mer et de &hellip; <a href=\"https:\/\/la-loma-del-mango.com\/es\/hotel-lalomadelmango-panama-activites\/\">Read More<\/a><\/p>","protected":false},"author":1,"featured_media":0,"parent":0,"menu_order":12,"comment_status":"closed","ping_status":"closed","template":"","meta":{"footnotes":""},"class_list":["post-1838","page","type-page","status-publish","hentry"],"yoast_head":"<!-- This site is optimized with the Yoast SEO plugin v24.4 - https:\/\/yoast.com\/wordpress\/plugins\/seo\/ -->\n<title>Hotel - La Loma del Mango - Panama - Activites<\/title>\n<meta name=\"robots\" content=\"index, follow, max-snippet:-1, max-image-preview:large, max-video-preview:-1\" \/>\n<link rel=\"canonical\" href=\"https:\/\/la-loma-del-mango.com\/es\/hotel-lalomadelmango-panama-activites\/\" \/>\n<meta property=\"og:locale\" content=\"es_ES\" \/>\n<meta property=\"og:type\" content=\"article\" \/>\n<meta property=\"og:title\" content=\"Hotel - La Loma del Mango - Panama - Activites\" \/>\n<meta property=\"og:description\" content=\"Activit\u00e9s Touristiques Pour un tourisme diff\u00e9rent, vert et responsable. Voyagez tout en prenant votre temps, impr\u00e9gnez-vous pleinement de la nature qui vous entoure et de la richesse du patrimoine, privil\u00e9giez les rencontres, savourez les produits de la mer et de &hellip; Read More\" \/>\n<meta property=\"og:url\" content=\"https:\/\/la-loma-del-mango.com\/es\/hotel-lalomadelmango-panama-activites\/\" \/>\n<meta property=\"og:site_name\" content=\"La Loma Del Mango\" \/>\n<meta property=\"article:publisher\" content=\"https:\/\/www.facebook.com\/profile.php?id=100092232241914&amp;mibextid=haYZDX\" \/>\n<meta property=\"article:modified_time\" content=\"2025-06-10T22:05:43+00:00\" \/>\n<meta name=\"twitter:card\" content=\"summary_large_image\" \/>\n<meta name=\"twitter:label1\" content=\"Tiempo de lectura\" \/>\n\t<meta name=\"twitter:data1\" content=\"1 minuto\" \/>\n<script type=\"application\/ld+json\" class=\"yoast-schema-graph\">{\"@context\":\"https:\/\/schema.org\",\"@graph\":[{\"@type\":\"WebPage\",\"@id\":\"https:\/\/la-loma-del-mango.com\/hotel-lalomadelmango-panama-activites\/\",\"url\":\"https:\/\/la-loma-del-mango.com\/hotel-lalomadelmango-panama-activites\/\",\"name\":\"Hotel - La Loma del Mango - Panama - Activites\",\"isPartOf\":{\"@id\":\"https:\/\/la-loma-del-mango.com\/#website\"},\"datePublished\":\"2023-08-14T16:18:09+00:00\",\"dateModified\":\"2025-06-10T22:05:43+00:00\",\"breadcrumb\":{\"@id\":\"https:\/\/la-loma-del-mango.com\/hotel-lalomadelmango-panama-activites\/#breadcrumb\"},\"inLanguage\":\"es\",\"potentialAction\":[{\"@type\":\"ReadAction\",\"target\":[\"https:\/\/la-loma-del-mango.com\/hotel-lalomadelmango-panama-activites\/\"]}]},{\"@type\":\"BreadcrumbList\",\"@id\":\"https:\/\/la-loma-del-mango.com\/hotel-lalomadelmango-panama-activites\/#breadcrumb\",\"itemListElement\":[{\"@type\":\"ListItem\",\"position\":1,\"name\":\"Accueil\",\"item\":\"https:\/\/la-loma-del-mango.com\/\"},{\"@type\":\"ListItem\",\"position\":2,\"name\":\"Activit\u00e9s Touristiques\"}]},{\"@type\":\"WebSite\",\"@id\":\"https:\/\/la-loma-del-mango.com\/#website\",\"url\":\"https:\/\/la-loma-del-mango.com\/\",\"name\":\"La Loma Del Mango\",\"description\":\"Cabanas atipicas e Historias panamenias\",\"publisher\":{\"@id\":\"https:\/\/la-loma-del-mango.com\/#organization\"},\"potentialAction\":[{\"@type\":\"SearchAction\",\"target\":{\"@type\":\"EntryPoint\",\"urlTemplate\":\"https:\/\/la-loma-del-mango.com\/?s={search_term_string}\"},\"query-input\":{\"@type\":\"PropertyValueSpecification\",\"valueRequired\":true,\"valueName\":\"search_term_string\"}}],\"inLanguage\":\"es\"},{\"@type\":\"Organization\",\"@id\":\"https:\/\/la-loma-del-mango.com\/#organization\",\"name\":\"La Loma Del Mango\",\"url\":\"https:\/\/la-loma-del-mango.com\/\",\"logo\":{\"@type\":\"ImageObject\",\"inLanguage\":\"es\",\"@id\":\"https:\/\/la-loma-del-mango.com\/#\/schema\/logo\/image\/\",\"url\":\"https:\/\/la-loma-del-mango.com\/wp-content\/uploads\/2023\/01\/logo-couleur-baseline-cmjn-2_350pp.png\",\"contentUrl\":\"https:\/\/la-loma-del-mango.com\/wp-content\/uploads\/2023\/01\/logo-couleur-baseline-cmjn-2_350pp.png\",\"width\":350,\"height\":233,\"caption\":\"La Loma Del Mango\"},\"image\":{\"@id\":\"https:\/\/la-loma-del-mango.com\/#\/schema\/logo\/image\/\"},\"sameAs\":[\"https:\/\/www.facebook.com\/profile.php?id=100092232241914&mibextid=haYZDX\",\"https:\/\/www.instagram.com\/lalomadelmango\/\"]}]}<\/script>\n<!-- \/ Yoast SEO plugin. -->","yoast_head_json":{"title":"Hotel - La Loma del Mango - Panama - Activites","robots":{"index":"index","follow":"follow","max-snippet":"max-snippet:-1","max-image-preview":"max-image-preview:large","max-video-preview":"max-video-preview:-1"},"canonical":"https:\/\/la-loma-del-mango.com\/es\/hotel-lalomadelmango-panama-activites\/","og_locale":"es_ES","og_type":"article","og_title":"Hotel - La Loma del Mango - Panama - Activites","og_description":"Activit\u00e9s Touristiques Pour un tourisme diff\u00e9rent, vert et responsable. Voyagez tout en prenant votre temps, impr\u00e9gnez-vous pleinement de la nature qui vous entoure et de la richesse du patrimoine, privil\u00e9giez les rencontres, savourez les produits de la mer et de &hellip; Read More","og_url":"https:\/\/la-loma-del-mango.com\/es\/hotel-lalomadelmango-panama-activites\/","og_site_name":"La Loma Del Mango","article_publisher":"https:\/\/www.facebook.com\/profile.php?id=100092232241914&mibextid=haYZDX","article_modified_time":"2025-06-10T22:05:43+00:00","twitter_card":"summary_large_image","twitter_misc":{"Tiempo de lectura":"1 minuto"},"schema":{"@context":"https:\/\/schema.org","@graph":[{"@type":"WebPage","@id":"https:\/\/la-loma-del-mango.com\/hotel-lalomadelmango-panama-activites\/","url":"https:\/\/la-loma-del-mango.com\/hotel-lalomadelmango-panama-activites\/","name":"Hotel - La Loma del Mango - Panama - Activites","isPartOf":{"@id":"https:\/\/la-loma-del-mango.com\/#website"},"datePublished":"2023-08-14T16:18:09+00:00","dateModified":"2025-06-10T22:05:43+00:00","breadcrumb":{"@id":"https:\/\/la-loma-del-mango.com\/hotel-lalomadelmango-panama-activites\/#breadcrumb"},"inLanguage":"es","potentialAction":[{"@type":"ReadAction","target":["https:\/\/la-loma-del-mango.com\/hotel-lalomadelmango-panama-activites\/"]}]},{"@type":"BreadcrumbList","@id":"https:\/\/la-loma-del-mango.com\/hotel-lalomadelmango-panama-activites\/#breadcrumb","itemListElement":[{"@type":"ListItem","position":1,"name":"Accueil","item":"https:\/\/la-loma-del-mango.com\/"},{"@type":"ListItem","position":2,"name":"Activit\u00e9s Touristiques"}]},{"@type":"WebSite","@id":"https:\/\/la-loma-del-mango.com\/#website","url":"https:\/\/la-loma-del-mango.com\/","name":"La Loma Del Mango","description":"Cabanas atipicas e Historias panamenias","publisher":{"@id":"https:\/\/la-loma-del-mango.com\/#organization"},"potentialAction":[{"@type":"SearchAction","target":{"@type":"EntryPoint","urlTemplate":"https:\/\/la-loma-del-mango.com\/?s={search_term_string}"},"query-input":{"@type":"PropertyValueSpecification","valueRequired":true,"valueName":"search_term_string"}}],"inLanguage":"es"},{"@type":"Organization","@id":"https:\/\/la-loma-del-mango.com\/#organization","name":"La Loma Del Mango","url":"https:\/\/la-loma-del-mango.com\/","logo":{"@type":"ImageObject","inLanguage":"es","@id":"https:\/\/la-loma-del-mango.com\/#\/schema\/logo\/image\/","url":"https:\/\/la-loma-del-mango.com\/wp-content\/uploads\/2023\/01\/logo-couleur-baseline-cmjn-2_350pp.png","contentUrl":"https:\/\/la-loma-del-mango.com\/wp-content\/uploads\/2023\/01\/logo-couleur-baseline-cmjn-2_350pp.png","width":350,"height":233,"caption":"La Loma Del Mango"},"image":{"@id":"https:\/\/la-loma-del-mango.com\/#\/schema\/logo\/image\/"},"sameAs":["https:\/\/www.facebook.com\/profile.php?id=100092232241914&mibextid=haYZDX","https:\/\/www.instagram.com\/lalomadelmango\/"]}]}},"_links":{"self":[{"href":"https:\/\/la-loma-del-mango.com\/es\/wp-json\/wp\/v2\/pages\/1838","targetHints":{"allow":["GET"]}}],"collection":[{"href":"https:\/\/la-loma-del-mango.com\/es\/wp-json\/wp\/v2\/pages"}],"about":[{"href":"https:\/\/la-loma-del-mango.com\/es\/wp-json\/wp\/v2\/types\/page"}],"author":[{"embeddable":true,"href":"https:\/\/la-loma-del-mango.com\/es\/wp-json\/wp\/v2\/users\/1"}],"replies":[{"embeddable":true,"href":"https:\/\/la-loma-del-mango.com\/es\/wp-json\/wp\/v2\/comments?post=1838"}],"version-history":[{"count":5,"href":"https:\/\/la-loma-del-mango.com\/es\/wp-json\/wp\/v2\/pages\/1838\/revisions"}],"predecessor-version":[{"id":6155,"href":"https:\/\/la-loma-del-mango.com\/es\/wp-json\/wp\/v2\/pages\/1838\/revisions\/6155"}],"wp:attachment":[{"href":"https:\/\/la-loma-del-mango.com\/es\/wp-json\/wp\/v2\/media?parent=1838"}],"curies":[{"name":"wp","href":"https:\/\/api.w.org\/{rel}","templated":true}]}}