{"id":54,"date":"2019-03-22T02:45:03","date_gmt":"2019-03-22T02:45:03","guid":{"rendered":"https:\/\/import.themovation.com\/bellevue2\/countryside\/booking-confirmation\/booking-confirmed\/"},"modified":"2023-01-11T05:20:12","modified_gmt":"2023-01-11T04:20:12","slug":"booking-confirmed","status":"publish","type":"page","link":"https:\/\/la-loma-del-mango.com\/es\/booking-confirmation\/booking-confirmed\/","title":{"rendered":"Reserva confirmada"},"content":{"rendered":"<div data-elementor-type=\"wp-post\" data-elementor-id=\"54\" class=\"elementor elementor-54\">\n\t\t\t\t\t\t<section class=\"elementor-section elementor-top-section elementor-element elementor-element-2562aa63 elementor-section-height-min-height elementor-section-boxed elementor-section-height-default elementor-section-items-middle\" data-id=\"2562aa63\" data-element_type=\"section\" data-settings=\"{&quot;background_background&quot;:&quot;classic&quot;}\">\n\t\t\t\t\t\t\t<div class=\"elementor-background-overlay\"><\/div>\n\t\t\t\t\t\t\t<div class=\"elementor-container elementor-column-gap-default\">\n\t\t\t\t\t<div class=\"elementor-column elementor-col-100 elementor-top-column elementor-element elementor-element-7fc2632a\" data-id=\"7fc2632a\" data-element_type=\"column\">\n\t\t\t<div class=\"elementor-widget-wrap elementor-element-populated\">\n\t\t\t\t\t\t<div class=\"elementor-element elementor-element-79333d83 elementor-widget elementor-widget-spacer\" data-id=\"79333d83\" data-element_type=\"widget\" data-widget_type=\"spacer.default\">\n\t\t\t\t<div class=\"elementor-widget-container\">\n\t\t\t\t\t<div class=\"elementor-spacer\">\n\t\t\t<div class=\"elementor-spacer-inner\"><\/div>\n\t\t<\/div>\n\t\t\t\t<\/div>\n\t\t\t\t<\/div>\n\t\t\t\t\t<\/div>\n\t\t<\/div>\n\t\t\t\t\t<\/div>\n\t\t<\/section>\n\t\t\t\t<section class=\"elementor-section elementor-top-section elementor-element elementor-element-fed91fe elementor-section-height-min-height elementor-section-boxed elementor-section-height-default elementor-section-items-middle\" data-id=\"fed91fe\" data-element_type=\"section\" data-settings=\"{&quot;background_background&quot;:&quot;classic&quot;}\">\n\t\t\t\t\t\t\t<div class=\"elementor-background-overlay\"><\/div>\n\t\t\t\t\t\t\t<div class=\"elementor-container elementor-column-gap-default\">\n\t\t\t\t\t<div class=\"elementor-column elementor-col-100 elementor-top-column elementor-element elementor-element-3878912\" data-id=\"3878912\" data-element_type=\"column\">\n\t\t\t<div class=\"elementor-widget-wrap elementor-element-populated\">\n\t\t\t\t\t\t<div class=\"elementor-element elementor-element-1522958 elementor-view-default elementor-position-top elementor-widget elementor-widget-themo-header\" data-id=\"1522958\" data-element_type=\"widget\" data-widget_type=\"themo-header.default\">\n\t\t\t\t<div class=\"elementor-widget-container\">\n\t\t\t\t\t<div class=\"th-header-wrap\">\n        <div class=\"elementor-icon-box-wrapper\">\n                            <div class=\"elementor-icon-box-content\">\n                    <h1 class=\"elementor-icon-box-title\">\n                        R\u00e9servation Confirm\u00e9e                    <\/h1>\n                                        <p class=\"elementor-icon-box-description\"><\/p>\n\n                                    <\/div>\n            <\/div>\n\n        <\/div>\n\n\t\t\t\t<\/div>\n\t\t\t\t<\/div>\n\t\t\t\t\t<\/div>\n\t\t<\/div>\n\t\t\t\t\t<\/div>\n\t\t<\/section>\n\t\t\t\t<section class=\"elementor-section elementor-top-section elementor-element elementor-element-58e77258 elementor-section-boxed elementor-section-height-default elementor-section-height-default\" data-id=\"58e77258\" data-element_type=\"section\">\n\t\t\t\t\t\t<div class=\"elementor-container elementor-column-gap-default\">\n\t\t\t\t\t<div class=\"elementor-column elementor-col-100 elementor-top-column elementor-element elementor-element-6869c5f0\" data-id=\"6869c5f0\" data-element_type=\"column\">\n\t\t\t<div class=\"elementor-widget-wrap elementor-element-populated\">\n\t\t\t\t\t\t<div class=\"elementor-element elementor-element-7252c08b elementor-widget elementor-widget-spacer\" data-id=\"7252c08b\" data-element_type=\"widget\" data-widget_type=\"spacer.default\">\n\t\t\t\t<div class=\"elementor-widget-container\">\n\t\t\t\t\t<div class=\"elementor-spacer\">\n\t\t\t<div class=\"elementor-spacer-inner\"><\/div>\n\t\t<\/div>\n\t\t\t\t<\/div>\n\t\t\t\t<\/div>\n\t\t\t\t<div class=\"elementor-element elementor-element-1c327c82 elementor-widget elementor-widget-text-editor\" data-id=\"1c327c82\" data-element_type=\"widget\" data-widget_type=\"text-editor.default\">\n\t\t\t\t<div class=\"elementor-widget-container\">\n\t\t\t\t\t\t\t<p>Nous avons le plaisir de vous confirmer votre r\u00e9servation. Au plaisir de vous accueillir prochainement dans notre \u00e9tablissement.<br \/><br \/>Pour toute question compl\u00e9mentaire, merci de nous contacter directement.<\/p>\t\t\t\t\t\t<\/div>\n\t\t\t\t<\/div>\n\t\t\t\t<div class=\"elementor-element elementor-element-7ea7a54a elementor-widget elementor-widget-spacer\" data-id=\"7ea7a54a\" data-element_type=\"widget\" data-widget_type=\"spacer.default\">\n\t\t\t\t<div class=\"elementor-widget-container\">\n\t\t\t\t\t<div class=\"elementor-spacer\">\n\t\t\t<div class=\"elementor-spacer-inner\"><\/div>\n\t\t<\/div>\n\t\t\t\t<\/div>\n\t\t\t\t<\/div>\n\t\t\t\t\t<\/div>\n\t\t<\/div>\n\t\t\t\t\t<\/div>\n\t\t<\/section>\n\t\t\t\t<\/div>","protected":false},"excerpt":{"rendered":"<p>R\u00e9servation Confirm\u00e9e Nous avons le plaisir de vous confirmer votre r\u00e9servation. Au plaisir de vous accueillir prochainement dans notre \u00e9tablissement. Pour toute question compl\u00e9mentaire, merci de nous contacter directement.<\/p>","protected":false},"author":1,"featured_media":0,"parent":53,"menu_order":0,"comment_status":"closed","ping_status":"closed","template":"","meta":{"footnotes":""},"class_list":["post-54","page","type-page","status-publish","hentry"],"yoast_head":"<!-- This site is optimized with the Yoast SEO plugin v24.4 - https:\/\/yoast.com\/wordpress\/plugins\/seo\/ -->\n<title>Booking Confirmed - La Loma Del Mango<\/title>\n<meta name=\"robots\" content=\"index, follow, max-snippet:-1, max-image-preview:large, max-video-preview:-1\" \/>\n<link rel=\"canonical\" href=\"https:\/\/la-loma-del-mango.com\/es\/booking-confirmation\/booking-confirmed\/\" \/>\n<meta property=\"og:locale\" content=\"es_ES\" \/>\n<meta property=\"og:type\" content=\"article\" \/>\n<meta property=\"og:title\" content=\"Booking Confirmed - La Loma Del Mango\" \/>\n<meta property=\"og:description\" content=\"R\u00e9servation Confirm\u00e9e Nous avons le plaisir de vous confirmer votre r\u00e9servation. Au plaisir de vous accueillir prochainement dans notre \u00e9tablissement. Pour toute question compl\u00e9mentaire, merci de nous contacter directement.\" \/>\n<meta property=\"og:url\" content=\"https:\/\/la-loma-del-mango.com\/es\/booking-confirmation\/booking-confirmed\/\" \/>\n<meta property=\"og:site_name\" content=\"La Loma Del Mango\" \/>\n<meta property=\"article:publisher\" content=\"https:\/\/www.facebook.com\/profile.php?id=100092232241914&amp;mibextid=haYZDX\" \/>\n<meta property=\"article:modified_time\" content=\"2023-01-11T04:20:12+00:00\" \/>\n<meta name=\"twitter:card\" content=\"summary_large_image\" \/>\n<script type=\"application\/ld+json\" class=\"yoast-schema-graph\">{\"@context\":\"https:\/\/schema.org\",\"@graph\":[{\"@type\":\"WebPage\",\"@id\":\"https:\/\/la-loma-del-mango.com\/booking-confirmation\/booking-confirmed\/\",\"url\":\"https:\/\/la-loma-del-mango.com\/booking-confirmation\/booking-confirmed\/\",\"name\":\"Booking Confirmed - La Loma Del Mango\",\"isPartOf\":{\"@id\":\"https:\/\/la-loma-del-mango.com\/#website\"},\"datePublished\":\"2019-03-22T02:45:03+00:00\",\"dateModified\":\"2023-01-11T04:20:12+00:00\",\"breadcrumb\":{\"@id\":\"https:\/\/la-loma-del-mango.com\/booking-confirmation\/booking-confirmed\/#breadcrumb\"},\"inLanguage\":\"es\",\"potentialAction\":[{\"@type\":\"ReadAction\",\"target\":[\"https:\/\/la-loma-del-mango.com\/booking-confirmation\/booking-confirmed\/\"]}]},{\"@type\":\"BreadcrumbList\",\"@id\":\"https:\/\/la-loma-del-mango.com\/booking-confirmation\/booking-confirmed\/#breadcrumb\",\"itemListElement\":[{\"@type\":\"ListItem\",\"position\":1,\"name\":\"Accueil\",\"item\":\"https:\/\/la-loma-del-mango.com\/\"},{\"@type\":\"ListItem\",\"position\":2,\"name\":\"Booking Confirmation\",\"item\":\"https:\/\/la-loma-del-mango.com\/booking-confirmation\/\"},{\"@type\":\"ListItem\",\"position\":3,\"name\":\"Booking Confirmed\"}]},{\"@type\":\"WebSite\",\"@id\":\"https:\/\/la-loma-del-mango.com\/#website\",\"url\":\"https:\/\/la-loma-del-mango.com\/\",\"name\":\"La Loma Del Mango\",\"description\":\"Cabanas atipicas e Historias panamenias\",\"publisher\":{\"@id\":\"https:\/\/la-loma-del-mango.com\/#organization\"},\"potentialAction\":[{\"@type\":\"SearchAction\",\"target\":{\"@type\":\"EntryPoint\",\"urlTemplate\":\"https:\/\/la-loma-del-mango.com\/?s={search_term_string}\"},\"query-input\":{\"@type\":\"PropertyValueSpecification\",\"valueRequired\":true,\"valueName\":\"search_term_string\"}}],\"inLanguage\":\"es\"},{\"@type\":\"Organization\",\"@id\":\"https:\/\/la-loma-del-mango.com\/#organization\",\"name\":\"La Loma Del Mango\",\"url\":\"https:\/\/la-loma-del-mango.com\/\",\"logo\":{\"@type\":\"ImageObject\",\"inLanguage\":\"es\",\"@id\":\"https:\/\/la-loma-del-mango.com\/#\/schema\/logo\/image\/\",\"url\":\"https:\/\/la-loma-del-mango.com\/wp-content\/uploads\/2023\/01\/logo-couleur-baseline-cmjn-2_350pp.png\",\"contentUrl\":\"https:\/\/la-loma-del-mango.com\/wp-content\/uploads\/2023\/01\/logo-couleur-baseline-cmjn-2_350pp.png\",\"width\":350,\"height\":233,\"caption\":\"La Loma Del Mango\"},\"image\":{\"@id\":\"https:\/\/la-loma-del-mango.com\/#\/schema\/logo\/image\/\"},\"sameAs\":[\"https:\/\/www.facebook.com\/profile.php?id=100092232241914&mibextid=haYZDX\",\"https:\/\/www.instagram.com\/lalomadelmango\/\"]}]}<\/script>\n<!-- \/ Yoast SEO plugin. -->","yoast_head_json":{"title":"Booking Confirmed - La Loma Del Mango","robots":{"index":"index","follow":"follow","max-snippet":"max-snippet:-1","max-image-preview":"max-image-preview:large","max-video-preview":"max-video-preview:-1"},"canonical":"https:\/\/la-loma-del-mango.com\/es\/booking-confirmation\/booking-confirmed\/","og_locale":"es_ES","og_type":"article","og_title":"Booking Confirmed - La Loma Del Mango","og_description":"R\u00e9servation Confirm\u00e9e Nous avons le plaisir de vous confirmer votre r\u00e9servation. Au plaisir de vous accueillir prochainement dans notre \u00e9tablissement. Pour toute question compl\u00e9mentaire, merci de nous contacter directement.","og_url":"https:\/\/la-loma-del-mango.com\/es\/booking-confirmation\/booking-confirmed\/","og_site_name":"La Loma Del Mango","article_publisher":"https:\/\/www.facebook.com\/profile.php?id=100092232241914&mibextid=haYZDX","article_modified_time":"2023-01-11T04:20:12+00:00","twitter_card":"summary_large_image","schema":{"@context":"https:\/\/schema.org","@graph":[{"@type":"WebPage","@id":"https:\/\/la-loma-del-mango.com\/booking-confirmation\/booking-confirmed\/","url":"https:\/\/la-loma-del-mango.com\/booking-confirmation\/booking-confirmed\/","name":"Booking Confirmed - La Loma Del Mango","isPartOf":{"@id":"https:\/\/la-loma-del-mango.com\/#website"},"datePublished":"2019-03-22T02:45:03+00:00","dateModified":"2023-01-11T04:20:12+00:00","breadcrumb":{"@id":"https:\/\/la-loma-del-mango.com\/booking-confirmation\/booking-confirmed\/#breadcrumb"},"inLanguage":"es","potentialAction":[{"@type":"ReadAction","target":["https:\/\/la-loma-del-mango.com\/booking-confirmation\/booking-confirmed\/"]}]},{"@type":"BreadcrumbList","@id":"https:\/\/la-loma-del-mango.com\/booking-confirmation\/booking-confirmed\/#breadcrumb","itemListElement":[{"@type":"ListItem","position":1,"name":"Accueil","item":"https:\/\/la-loma-del-mango.com\/"},{"@type":"ListItem","position":2,"name":"Booking Confirmation","item":"https:\/\/la-loma-del-mango.com\/booking-confirmation\/"},{"@type":"ListItem","position":3,"name":"Booking Confirmed"}]},{"@type":"WebSite","@id":"https:\/\/la-loma-del-mango.com\/#website","url":"https:\/\/la-loma-del-mango.com\/","name":"La Loma Del Mango","description":"Cabanas atipicas e Historias panamenias","publisher":{"@id":"https:\/\/la-loma-del-mango.com\/#organization"},"potentialAction":[{"@type":"SearchAction","target":{"@type":"EntryPoint","urlTemplate":"https:\/\/la-loma-del-mango.com\/?s={search_term_string}"},"query-input":{"@type":"PropertyValueSpecification","valueRequired":true,"valueName":"search_term_string"}}],"inLanguage":"es"},{"@type":"Organization","@id":"https:\/\/la-loma-del-mango.com\/#organization","name":"La Loma Del Mango","url":"https:\/\/la-loma-del-mango.com\/","logo":{"@type":"ImageObject","inLanguage":"es","@id":"https:\/\/la-loma-del-mango.com\/#\/schema\/logo\/image\/","url":"https:\/\/la-loma-del-mango.com\/wp-content\/uploads\/2023\/01\/logo-couleur-baseline-cmjn-2_350pp.png","contentUrl":"https:\/\/la-loma-del-mango.com\/wp-content\/uploads\/2023\/01\/logo-couleur-baseline-cmjn-2_350pp.png","width":350,"height":233,"caption":"La Loma Del Mango"},"image":{"@id":"https:\/\/la-loma-del-mango.com\/#\/schema\/logo\/image\/"},"sameAs":["https:\/\/www.facebook.com\/profile.php?id=100092232241914&mibextid=haYZDX","https:\/\/www.instagram.com\/lalomadelmango\/"]}]}},"_links":{"self":[{"href":"https:\/\/la-loma-del-mango.com\/es\/wp-json\/wp\/v2\/pages\/54","targetHints":{"allow":["GET"]}}],"collection":[{"href":"https:\/\/la-loma-del-mango.com\/es\/wp-json\/wp\/v2\/pages"}],"about":[{"href":"https:\/\/la-loma-del-mango.com\/es\/wp-json\/wp\/v2\/types\/page"}],"author":[{"embeddable":true,"href":"https:\/\/la-loma-del-mango.com\/es\/wp-json\/wp\/v2\/users\/1"}],"replies":[{"embeddable":true,"href":"https:\/\/la-loma-del-mango.com\/es\/wp-json\/wp\/v2\/comments?post=54"}],"version-history":[{"count":5,"href":"https:\/\/la-loma-del-mango.com\/es\/wp-json\/wp\/v2\/pages\/54\/revisions"}],"predecessor-version":[{"id":729,"href":"https:\/\/la-loma-del-mango.com\/es\/wp-json\/wp\/v2\/pages\/54\/revisions\/729"}],"up":[{"embeddable":true,"href":"https:\/\/la-loma-del-mango.com\/es\/wp-json\/wp\/v2\/pages\/53"}],"wp:attachment":[{"href":"https:\/\/la-loma-del-mango.com\/es\/wp-json\/wp\/v2\/media?parent=54"}],"curies":[{"name":"wp","href":"https:\/\/api.w.org\/{rel}","templated":true}]}}